{"id":311,"date":"2019-12-23T19:26:40","date_gmt":"2019-12-23T19:26:40","guid":{"rendered":"http:\/\/fincaellance.com\/?page_id=311"},"modified":"2025-02-20T18:59:48","modified_gmt":"2025-02-20T18:59:48","slug":"casas-rurales-finca-el-lance","status":"publish","type":"page","link":"https:\/\/fincaellance.com\/","title":{"rendered":"Casas rurales finca El Lance"},"content":{"rendered":"\n<p>El Lance posee cuatro casas de invitados independientes, construidas mediante t\u00e9cnicas tradicionales canarias y situadas en diferentes puntos dentro de la propiedad de m\u00e1s de 19 hect\u00e1reas, un entorno \u00edntimo y tranquilo que forman parte de un espacio Natural Protegido. Las casas se integran a la perfecci\u00f3n con el entorno ofreciendo un alto \u00edndice de sostenibilidad, confort y calidad.  <\/p>\n\n\n\n<p>Cada casa tiene un ba\u00f1o con ducha, una cocina confortable con todo lo necesario, un sal\u00f3n con televisi\u00f3n plana y sistema est\u00e9reo con CD o altavoces inal\u00e1mbricos y dormitorios con camas individuales y camas King Size. En las \u00e1reas de uso com\u00fan existe a disposici\u00f3n de los clientes un parking gratuito, una piscina al aire libre (no climatizada), zonas de solarium, un peque\u00f1o gimnasio, jardines y hermosos caminos para largos paseos dentro de la propiedad. <\/p>\n\n\n\n<p>Llena de aut\u00e9nticos y c\u00e1lidos detalles sin artificio en una finca con m\u00e1s de dos siglos de tradici\u00f3n agr\u00edcola, ganadera y ecuestre de las Islas Canarias y recorridos interiores de m\u00e1s de 3Km dentro de la propiedad (ver mapa).<\/p>\n\n\n\n<figure class=\"wp-block-image size-large is-style-default\"><a href=\"http:\/\/fincaellance.com\/wp-content\/uploads\/2025\/02\/IMG_7456-scaled.jpg\"><img decoding=\"async\" loading=\"lazy\" width=\"1024\" height=\"768\" src=\"http:\/\/fincaellance.com\/wp-content\/uploads\/2025\/02\/IMG_7456-1024x768.jpg\" alt=\"\" class=\"wp-image-461\" srcset=\"https:\/\/fincaellance.com\/wp-content\/uploads\/2025\/02\/IMG_7456-1024x768.jpg 1024w, https:\/\/fincaellance.com\/wp-content\/uploads\/2025\/02\/IMG_7456-300x225.jpg 300w, https:\/\/fincaellance.com\/wp-content\/uploads\/2025\/02\/IMG_7456-768x576.jpg 768w, https:\/\/fincaellance.com\/wp-content\/uploads\/2025\/02\/IMG_7456-1536x1152.jpg 1536w, https:\/\/fincaellance.com\/wp-content\/uploads\/2025\/02\/IMG_7456-2048x1536.jpg 2048w\" sizes=\"(max-width: 767px) 89vw, (max-width: 1000px) 54vw, (max-width: 1071px) 543px, 580px\" \/><\/a><\/figure>\n\n\n\n<figure class=\"wp-block-image size-large\"><a href=\"http:\/\/fincaellance.com\/wp-content\/uploads\/2025\/02\/IMG_4232-scaled.jpg\"><img decoding=\"async\" loading=\"lazy\" width=\"1024\" height=\"768\" src=\"http:\/\/fincaellance.com\/wp-content\/uploads\/2025\/02\/IMG_4232-1024x768.jpg\" alt=\"\" class=\"wp-image-462\" srcset=\"https:\/\/fincaellance.com\/wp-content\/uploads\/2025\/02\/IMG_4232-1024x768.jpg 1024w, https:\/\/fincaellance.com\/wp-content\/uploads\/2025\/02\/IMG_4232-300x225.jpg 300w, https:\/\/fincaellance.com\/wp-content\/uploads\/2025\/02\/IMG_4232-768x576.jpg 768w, https:\/\/fincaellance.com\/wp-content\/uploads\/2025\/02\/IMG_4232-1536x1152.jpg 1536w, https:\/\/fincaellance.com\/wp-content\/uploads\/2025\/02\/IMG_4232-2048x1536.jpg 2048w\" sizes=\"(max-width: 767px) 89vw, (max-width: 1000px) 54vw, (max-width: 1071px) 543px, 580px\" \/><\/a><\/figure>\n\n\n\n<figure class=\"wp-block-image\"><img decoding=\"async\" loading=\"lazy\" width=\"1024\" height=\"683\" src=\"http:\/\/fincaellance.com\/wp-content\/uploads\/2019\/12\/IMG_4184-1024x683.jpg\" alt=\"\" class=\"wp-image-334\" srcset=\"https:\/\/fincaellance.com\/wp-content\/uploads\/2019\/12\/IMG_4184-1024x683.jpg 1024w, https:\/\/fincaellance.com\/wp-content\/uploads\/2019\/12\/IMG_4184-300x200.jpg 300w, https:\/\/fincaellance.com\/wp-content\/uploads\/2019\/12\/IMG_4184-768x512.jpg 768w\" sizes=\"(max-width: 767px) 89vw, (max-width: 1000px) 54vw, (max-width: 1071px) 543px, 580px\" \/><\/figure>\n\n\n\n<figure class=\"wp-block-image\"><img decoding=\"async\" loading=\"lazy\" width=\"1024\" height=\"683\" src=\"http:\/\/fincaellance.com\/wp-content\/uploads\/2019\/12\/IMG_4313-1024x683.jpg\" alt=\"\" class=\"wp-image-335\" srcset=\"https:\/\/fincaellance.com\/wp-content\/uploads\/2019\/12\/IMG_4313-1024x683.jpg 1024w, https:\/\/fincaellance.com\/wp-content\/uploads\/2019\/12\/IMG_4313-300x200.jpg 300w, https:\/\/fincaellance.com\/wp-content\/uploads\/2019\/12\/IMG_4313-768x512.jpg 768w\" sizes=\"(max-width: 767px) 89vw, (max-width: 1000px) 54vw, (max-width: 1071px) 543px, 580px\" \/><\/figure>\n","protected":false},"excerpt":{"rendered":"<p>El Lance posee cuatro casas de invitados independientes, construidas mediante t\u00e9cnicas tradicionales canarias y situadas en diferentes puntos dentro de la propiedad de m\u00e1s de 19 hect\u00e1reas, un entorno \u00edntimo y tranquilo que forman parte de un espacio Natural Protegido. Las casas se integran a la perfecci\u00f3n con el entorno ofreciendo un alto \u00edndice de &hellip; <\/p>\n<p class=\"link-more\"><a href=\"https:\/\/fincaellance.com\/\" class=\"more-link\">Continue reading<span class=\"screen-reader-text\"> &#8220;Casas rurales finca El Lance&#8221;<\/span><\/a><\/p>\n","protected":false},"author":1,"featured_media":397,"parent":0,"menu_order":0,"comment_status":"open","ping_status":"open","template":"","meta":[],"_links":{"self":[{"href":"https:\/\/fincaellance.com\/index.php?rest_route=\/wp\/v2\/pages\/311"}],"collection":[{"href":"https:\/\/fincaellance.com\/index.php?rest_route=\/wp\/v2\/pages"}],"about":[{"href":"https:\/\/fincaellance.com\/index.php?rest_route=\/wp\/v2\/types\/page"}],"author":[{"embeddable":true,"href":"https:\/\/fincaellance.com\/index.php?rest_route=\/wp\/v2\/users\/1"}],"replies":[{"embeddable":true,"href":"https:\/\/fincaellance.com\/index.php?rest_route=%2Fwp%2Fv2%2Fcomments&post=311"}],"version-history":[{"count":5,"href":"https:\/\/fincaellance.com\/index.php?rest_route=\/wp\/v2\/pages\/311\/revisions"}],"predecessor-version":[{"id":463,"href":"https:\/\/fincaellance.com\/index.php?rest_route=\/wp\/v2\/pages\/311\/revisions\/463"}],"wp:featuredmedia":[{"embeddable":true,"href":"https:\/\/fincaellance.com\/index.php?rest_route=\/wp\/v2\/media\/397"}],"wp:attachment":[{"href":"https:\/\/fincaellance.com\/index.php?rest_route=%2Fwp%2Fv2%2Fmedia&parent=311"}],"curies":[{"name":"wp","href":"https:\/\/api.w.org\/{rel}","templated":true}]}}