{"id":364,"date":"2019-12-23T20:32:38","date_gmt":"2019-12-23T20:32:38","guid":{"rendered":"http:\/\/fincaellance.com\/?page_id=364"},"modified":"2019-12-23T20:32:39","modified_gmt":"2019-12-23T20:32:39","slug":"mapa-de-la-finca","status":"publish","type":"page","link":"https:\/\/fincaellance.com\/?page_id=364","title":{"rendered":"Mapa de la finca"},"content":{"rendered":"\n<figure class=\"wp-block-image\"><img decoding=\"async\" src=\"http:\/\/fincaellance.com\/wp-content\/uploads\/2019\/08\/finca_1-1024x496.jpg\" alt=\"This image has an empty alt attribute; its file name is finca_1-1024x496.jpg\"\/><figcaption>Foto a\u00e9rea de la finca<\/figcaption><\/figure>\n\n\n\n<p> Las cuatro casitas se encuentran en una finca de m\u00e1s de 190 mil metros cuadrados.  <\/p>\n\n\n\n<figure class=\"wp-block-image\"><img decoding=\"async\" src=\"http:\/\/fincaellance.com\/wp-content\/uploads\/2019\/10\/plano_general.jpg\" alt=\"This image has an empty alt attribute; its file name is plano_general.jpg\"\/><\/figure>\n\n\n\n<p>En la propiedad tambi\u00e9n se encuentra la casa principal, la piscina compartida (10&#215;5 metros), un aseo, un peque\u00f1o gimnasio muy pr\u00f3ximo al d\u00faplex de invitados, la casa de la familia encargada del mantenimiento de la finca y en la zona del valle, unas cuadras, gallinero, picadero y otro aseo.<\/p>\n\n\n\n<p><\/p>\n\n\n\n<figure class=\"wp-block-image\"><img decoding=\"async\" src=\"http:\/\/fincaellance.com\/wp-content\/uploads\/2019\/08\/plano_general_white-3.jpg\" alt=\"This image has an empty alt attribute; its file name is plano_general_white-3.jpg\"\/><figcaption>Plano de las edificaciones de la finca<\/figcaption><\/figure>\n\n\n\n<figure class=\"wp-block-image\"><img decoding=\"async\" src=\"http:\/\/fincaellance.com\/wp-content\/uploads\/2019\/12\/IMG_4327-683x1024.jpg\" alt=\"This image has an empty alt attribute; its file name is IMG_4327-683x1024.jpg\"\/><figcaption>Entrada de coches de la finca<\/figcaption><\/figure>\n","protected":false},"excerpt":{"rendered":"<p>Las cuatro casitas se encuentran en una finca de m\u00e1s de 190 mil metros cuadrados. En la propiedad tambi\u00e9n se encuentra la casa principal, la piscina compartida (10&#215;5 metros), un aseo, un peque\u00f1o gimnasio muy pr\u00f3ximo al d\u00faplex de invitados, la casa de la familia encargada del mantenimiento de la finca y en la zona &hellip; <\/p>\n<p class=\"link-more\"><a href=\"https:\/\/fincaellance.com\/?page_id=364\" class=\"more-link\">Continue reading<span class=\"screen-reader-text\"> &#8220;Mapa de la finca&#8221;<\/span><\/a><\/p>\n","protected":false},"author":1,"featured_media":0,"parent":0,"menu_order":0,"comment_status":"closed","ping_status":"closed","template":"","meta":[],"_links":{"self":[{"href":"https:\/\/fincaellance.com\/index.php?rest_route=\/wp\/v2\/pages\/364"}],"collection":[{"href":"https:\/\/fincaellance.com\/index.php?rest_route=\/wp\/v2\/pages"}],"about":[{"href":"https:\/\/fincaellance.com\/index.php?rest_route=\/wp\/v2\/types\/page"}],"author":[{"embeddable":true,"href":"https:\/\/fincaellance.com\/index.php?rest_route=\/wp\/v2\/users\/1"}],"replies":[{"embeddable":true,"href":"https:\/\/fincaellance.com\/index.php?rest_route=%2Fwp%2Fv2%2Fcomments&post=364"}],"version-history":[{"count":1,"href":"https:\/\/fincaellance.com\/index.php?rest_route=\/wp\/v2\/pages\/364\/revisions"}],"predecessor-version":[{"id":365,"href":"https:\/\/fincaellance.com\/index.php?rest_route=\/wp\/v2\/pages\/364\/revisions\/365"}],"wp:attachment":[{"href":"https:\/\/fincaellance.com\/index.php?rest_route=%2Fwp%2Fv2%2Fmedia&parent=364"}],"curies":[{"name":"wp","href":"https:\/\/api.w.org\/{rel}","templated":true}]}}