{"id":373,"date":"2019-12-23T20:44:30","date_gmt":"2019-12-23T20:44:30","guid":{"rendered":"http:\/\/fincaellance.com\/?page_id=373"},"modified":"2019-12-23T20:44:31","modified_gmt":"2019-12-23T20:44:31","slug":"servicios","status":"publish","type":"page","link":"https:\/\/fincaellance.com\/?page_id=373","title":{"rendered":"Servicios"},"content":{"rendered":"\n<figure class=\"wp-block-image\"><img decoding=\"async\" src=\"http:\/\/fincaellance.com\/wp-content\/uploads\/2019\/08\/pool_001-1024x787.jpg\" alt=\"This image has an empty alt attribute; its file name is pool_001-1024x787.jpg\"\/><figcaption>Piscina com\u00fan<\/figcaption><\/figure>\n\n\n\n<p>Conexi\u00f3n WI-FI dentro del d\u00faplex y alrededor de la casa principal. <br>S\u00e1banas, toallas, pa\u00f1os de cocina, detergente y limpieza final incluidas. El lavado de s\u00e1banas y toallas se realizar\u00e1 una vez por semana, excepto que el cliente solicite lavaos adicionales (consultar tarifa).<\/p>\n\n\n\n<p>Cocina con micro-ondas, vitrocer\u00e1mica, horno, nevera-frigor\u00edfico, m\u00e1quina de caf\u00e9, calentador el\u00e9ctrico, tostadora, etc.<br><br>Sal\u00f3n-comedor con televisi\u00f3n con canales sat\u00e9lites Astra, sistema de sonido est\u00e9reo con reproductor de CD, caja fuerte, estufa de le\u00f1a, radiadores el\u00e9ctricos, , safe box, wood stove, electric heating, cuna, plancha y tabla de planchar.<\/p>\n\n\n\n<figure class=\"wp-block-image\"><img decoding=\"async\" src=\"http:\/\/fincaellance.com\/wp-content\/uploads\/2019\/12\/IMG_4313-2-1024x683.jpg\" alt=\"This image has an empty alt attribute; its file name is IMG_4313-2-1024x683.jpg\"\/><figcaption>Peque\u00f1o gimnasio<\/figcaption><\/figure>\n\n\n\n<figure class=\"wp-block-image\"><img decoding=\"async\" src=\"http:\/\/fincaellance.com\/wp-content\/uploads\/2019\/12\/194f95f2-82ff-42c2-8ada-3e977d93bd0a-1024x768.jpg\" alt=\"This image has an empty alt attribute; its file name is 194f95f2-82ff-42c2-8ada-3e977d93bd0a-1024x768.jpg\"\/><figcaption>La propiedad<\/figcaption><\/figure>\n","protected":false},"excerpt":{"rendered":"<p>Conexi\u00f3n WI-FI dentro del d\u00faplex y alrededor de la casa principal. S\u00e1banas, toallas, pa\u00f1os de cocina, detergente y limpieza final incluidas. El lavado de s\u00e1banas y toallas se realizar\u00e1 una vez por semana, excepto que el cliente solicite lavaos adicionales (consultar tarifa). Cocina con micro-ondas, vitrocer\u00e1mica, horno, nevera-frigor\u00edfico, m\u00e1quina de caf\u00e9, calentador el\u00e9ctrico, tostadora, etc. &hellip; <\/p>\n<p class=\"link-more\"><a href=\"https:\/\/fincaellance.com\/?page_id=373\" class=\"more-link\">Continue reading<span class=\"screen-reader-text\"> &#8220;Servicios&#8221;<\/span><\/a><\/p>\n","protected":false},"author":1,"featured_media":0,"parent":0,"menu_order":0,"comment_status":"closed","ping_status":"closed","template":"","meta":[],"_links":{"self":[{"href":"https:\/\/fincaellance.com\/index.php?rest_route=\/wp\/v2\/pages\/373"}],"collection":[{"href":"https:\/\/fincaellance.com\/index.php?rest_route=\/wp\/v2\/pages"}],"about":[{"href":"https:\/\/fincaellance.com\/index.php?rest_route=\/wp\/v2\/types\/page"}],"author":[{"embeddable":true,"href":"https:\/\/fincaellance.com\/index.php?rest_route=\/wp\/v2\/users\/1"}],"replies":[{"embeddable":true,"href":"https:\/\/fincaellance.com\/index.php?rest_route=%2Fwp%2Fv2%2Fcomments&post=373"}],"version-history":[{"count":1,"href":"https:\/\/fincaellance.com\/index.php?rest_route=\/wp\/v2\/pages\/373\/revisions"}],"predecessor-version":[{"id":374,"href":"https:\/\/fincaellance.com\/index.php?rest_route=\/wp\/v2\/pages\/373\/revisions\/374"}],"wp:attachment":[{"href":"https:\/\/fincaellance.com\/index.php?rest_route=%2Fwp%2Fv2%2Fmedia&parent=373"}],"curies":[{"name":"wp","href":"https:\/\/api.w.org\/{rel}","templated":true}]}}