{"id":380,"date":"2019-12-23T21:06:48","date_gmt":"2019-12-23T21:06:48","guid":{"rendered":"http:\/\/fincaellance.com\/?page_id=380"},"modified":"2019-12-23T21:09:06","modified_gmt":"2019-12-23T21:09:06","slug":"informacion-de-interes","status":"publish","type":"page","link":"https:\/\/fincaellance.com\/?page_id=380","title":{"rendered":"Informaci\u00f3n de inter\u00e9s natural"},"content":{"rendered":"\n<p>La finca forma parte de una Reserva Natural Protegida por lo que le rogamos la cuide en consecuencia. Trabajamos para mejorar la flora y fauna del valle y monta\u00f1as que la componen.<\/p>\n\n\n\n<p>Si desea informaci\u00f3n sobre lugares de inter\u00e9s tur\u00edstico en los alrededores, le recomendamos que visite las siguiente direcciones del Ayuntamiento de Valleseco:<br><a href=\"http:\/\/www.valleseco.es\/\">http:\/\/www.valleseco.es\/<\/a><br><a href=\"https:\/\/vallesecograncanaria.com\/\">https:\/\/vallesecograncanaria.com\/<\/a><\/p>\n\n\n\n<p>Si Usted est\u00e1 interesado en conocer m\u00e1s acerca de la Selva Canaria de la Laurisilva y detectar las especies que crecen y viven en los alrededores puede visitar el link siguiente: <br><a href=\"https:\/\/es.wikipedia.org\/wiki\/Laurisilva_canaria\">https:\/\/es.wikipedia.org\/wiki\/Laurisilva_canaria<\/a><\/p>\n\n\n\n<p>Si Usted es ornit\u00f3logo o aficionado a la observaci\u00f3n de los p\u00e1jaros le recomendamos visitar los siguientes links: <\/p>\n\n\n\n<p>Vegetaci\u00f3n local, fauna y aves rapaces amenazadas por el fot\u00f3grafo Jes\u00fas Palmero:<br> <a href=\"https:\/\/www.jesuspalmerowildphoto.com\/galerias\/aves-rapaces\/jes0930-web\">https:\/\/www.jesuspalmerowildphoto.com\/galerias\/aves-rapaces\/jes0930-web<\/a> <\/p>\n\n\n\n<h3 class=\"wp-block-heading\">SONIDOS DE INTER\u00c9S. CANTOS DE AVES<\/h3>\n\n\n\n<p>\u00danico en nuestra isla, y especie amenazada, se encuentra el pinz\u00f3n azul con su incre\u00edble y maravilloso cantar.<em>  <\/em><br><a href=\"https:\/\/agroaldea.es\/el-pinzon-azul-de-gran-canaria-podria-ser-una-especie-unica\/\"><em>https:\/\/agroaldea.es\/el-pinzon-azul-de-gran-canaria-podria-ser-una-especie-unica\/<\/em><\/a><em> <\/em><\/p>\n\n\n\n<figure class=\"wp-block-audio alignright\"><audio controls src=\"http:\/\/fincaellance.com\/wp-content\/uploads\/2019\/09\/Pinzon-Azul.mp3\"><\/audio><figcaption> Canto del <em>Pinz\u00f3n Azul<\/em><\/figcaption><\/figure>\n\n\n\n<figure class=\"wp-block-image is-resized\"><img decoding=\"async\" loading=\"lazy\" src=\"http:\/\/fincaellance.com\/wp-content\/uploads\/2019\/09\/pinzon-azul-0-300x196.jpg\" alt=\"Pinz\u00f3n Azul\" class=\"wp-image-271\" width=\"150\" height=\"98\" srcset=\"https:\/\/fincaellance.com\/wp-content\/uploads\/2019\/09\/pinzon-azul-0-300x196.jpg 300w, https:\/\/fincaellance.com\/wp-content\/uploads\/2019\/09\/pinzon-azul-0-768x502.jpg 768w, https:\/\/fincaellance.com\/wp-content\/uploads\/2019\/09\/pinzon-azul-0.jpg 1000w\" sizes=\"(max-width: 150px) 100vw, 150px\" \/><\/figure>\n\n\n\n<figure class=\"wp-block-audio alignright\"><audio controls src=\"http:\/\/fincaellance.com\/wp-content\/uploads\/2019\/09\/Herrerillo-Comun.mp3\"><\/audio><figcaption>Canto del Herrerillo-Com\u00fan<\/figcaption><\/figure>\n\n\n\n<figure class=\"wp-block-audio alignright\"><audio controls src=\"http:\/\/fincaellance.com\/wp-content\/uploads\/2019\/09\/Pico-Picapinos.mp3\"><\/audio><figcaption>Canto del Pico Picapinos Canariensis<\/figcaption><\/figure>\n\n\n\n<figure class=\"wp-block-image is-resized\"><img decoding=\"async\" loading=\"lazy\" src=\"http:\/\/fincaellance.com\/wp-content\/uploads\/2019\/09\/Herrerillo-300x210.jpg\" alt=\"Herrerillo\" class=\"wp-image-265\" width=\"150\" height=\"105\" srcset=\"https:\/\/fincaellance.com\/wp-content\/uploads\/2019\/09\/Herrerillo-300x210.jpg 300w, https:\/\/fincaellance.com\/wp-content\/uploads\/2019\/09\/Herrerillo-768x538.jpg 768w, https:\/\/fincaellance.com\/wp-content\/uploads\/2019\/09\/Herrerillo-1024x717.jpg 1024w, https:\/\/fincaellance.com\/wp-content\/uploads\/2019\/09\/Herrerillo.jpg 1050w\" sizes=\"(max-width: 150px) 100vw, 150px\" \/><\/figure>\n\n\n\n<figure class=\"wp-block-image is-resized\"><img decoding=\"async\" loading=\"lazy\" src=\"http:\/\/fincaellance.com\/wp-content\/uploads\/2019\/09\/picapino-300x187.jpg\" alt=\"Pico Picapinos\" class=\"wp-image-268\" width=\"150\" height=\"94\" srcset=\"https:\/\/fincaellance.com\/wp-content\/uploads\/2019\/09\/picapino-300x187.jpg 300w, https:\/\/fincaellance.com\/wp-content\/uploads\/2019\/09\/picapino.jpg 640w\" sizes=\"(max-width: 150px) 100vw, 150px\" \/><\/figure>\n\n\n\n<figure class=\"wp-block-audio\"><audio controls src=\"http:\/\/fincaellance.com\/wp-content\/uploads\/2019\/09\/Petirrojo-Tinerfeno.mp3\"><\/audio><figcaption>Canto del Petirrojo Tinerfe\u00f1o.<\/figcaption><\/figure>\n\n\n\n<figure class=\"wp-block-audio\"><audio controls src=\"http:\/\/fincaellance.com\/wp-content\/uploads\/2019\/09\/Reyezuelo.mp3\"><\/audio><figcaption>Canto del Reyezuelo<\/figcaption><\/figure>\n\n\n\n<figure class=\"wp-block-audio\"><audio controls src=\"http:\/\/fincaellance.com\/wp-content\/uploads\/2019\/09\/Perdiz-Moruna.mp3\"><\/audio><figcaption>Perdiz moruna<\/figcaption><\/figure>\n\n\n\n<figure class=\"wp-block-audio\"><audio controls src=\"http:\/\/fincaellance.com\/wp-content\/uploads\/2019\/09\/Gavilan.mp3\"><\/audio><figcaption>Sonidos de llamada del Gavil\u00e1n. <\/figcaption><\/figure>\n\n\n\n<figure class=\"wp-block-audio\"><audio controls src=\"http:\/\/fincaellance.com\/wp-content\/uploads\/2019\/09\/Buho-Chico.mp3\"><\/audio><figcaption>Buho chico<\/figcaption><\/figure>\n\n\n\n<figure class=\"wp-block-audio\"><audio controls src=\"http:\/\/fincaellance.com\/wp-content\/uploads\/2019\/09\/Jilguero-1.mp3\"><\/audio><figcaption>Jilguero<\/figcaption><\/figure>\n\n\n\n<p><em>Fuente de sonidos y p\u00f3ster: www3.gobiernodecanarias.org<\/em><\/p>\n\n\n\n<figure class=\"wp-block-image\"><img decoding=\"async\" loading=\"lazy\" width=\"724\" height=\"1024\" src=\"http:\/\/fincaellance.com\/wp-content\/uploads\/2019\/09\/LA3_Fauna-aves_bosques-001-724x1024.jpg\" alt=\"\" class=\"wp-image-244\" srcset=\"https:\/\/fincaellance.com\/wp-content\/uploads\/2019\/09\/LA3_Fauna-aves_bosques-001-724x1024.jpg 724w, https:\/\/fincaellance.com\/wp-content\/uploads\/2019\/09\/LA3_Fauna-aves_bosques-001-212x300.jpg 212w, https:\/\/fincaellance.com\/wp-content\/uploads\/2019\/09\/LA3_Fauna-aves_bosques-001-768x1086.jpg 768w, https:\/\/fincaellance.com\/wp-content\/uploads\/2019\/09\/LA3_Fauna-aves_bosques-001.jpg 1754w\" sizes=\"(max-width: 724px) 100vw, 724px\" \/><figcaption><br><\/figcaption><\/figure>\n\n\n\n<p> <a href=\"http:\/\/www3.gobiernodecanarias.org\/medusa\/ecoescuela\/recursosdigitales\/2015\/05\/28\/lamina-aves-del-bosque\/\">http:\/\/www3.gobiernodecanarias.org\/medusa\/ecoescuela\/recursosdigitales\/2015\/05\/28\/lamina-aves-del-bosque\/<\/a> <\/p>\n\n\n<p><!--EndFragment--><br>\n<br>\n<\/p>","protected":false},"excerpt":{"rendered":"<p>La finca forma parte de una Reserva Natural Protegida por lo que le rogamos la cuide en consecuencia. Trabajamos para mejorar la flora y fauna del valle y monta\u00f1as que la componen. Si desea informaci\u00f3n sobre lugares de inter\u00e9s tur\u00edstico en los alrededores, le recomendamos que visite las siguiente direcciones del Ayuntamiento de Valleseco:http:\/\/www.valleseco.es\/https:\/\/vallesecograncanaria.com\/ Si &hellip; <\/p>\n<p class=\"link-more\"><a href=\"https:\/\/fincaellance.com\/?page_id=380\" class=\"more-link\">Continue reading<span class=\"screen-reader-text\"> &#8220;Informaci\u00f3n de inter\u00e9s natural&#8221;<\/span><\/a><\/p>\n","protected":false},"author":1,"featured_media":0,"parent":0,"menu_order":0,"comment_status":"closed","ping_status":"closed","template":"","meta":[],"_links":{"self":[{"href":"https:\/\/fincaellance.com\/index.php?rest_route=\/wp\/v2\/pages\/380"}],"collection":[{"href":"https:\/\/fincaellance.com\/index.php?rest_route=\/wp\/v2\/pages"}],"about":[{"href":"https:\/\/fincaellance.com\/index.php?rest_route=\/wp\/v2\/types\/page"}],"author":[{"embeddable":true,"href":"https:\/\/fincaellance.com\/index.php?rest_route=\/wp\/v2\/users\/1"}],"replies":[{"embeddable":true,"href":"https:\/\/fincaellance.com\/index.php?rest_route=%2Fwp%2Fv2%2Fcomments&post=380"}],"version-history":[{"count":3,"href":"https:\/\/fincaellance.com\/index.php?rest_route=\/wp\/v2\/pages\/380\/revisions"}],"predecessor-version":[{"id":384,"href":"https:\/\/fincaellance.com\/index.php?rest_route=\/wp\/v2\/pages\/380\/revisions\/384"}],"wp:attachment":[{"href":"https:\/\/fincaellance.com\/index.php?rest_route=%2Fwp%2Fv2%2Fmedia&parent=380"}],"curies":[{"name":"wp","href":"https:\/\/api.w.org\/{rel}","templated":true}]}}